{"id":1158,"date":"2019-02-05T15:33:01","date_gmt":"2019-02-05T14:33:01","guid":{"rendered":"https:\/\/implementdiversity.com\/english\/?page_id=1158"},"modified":"2022-09-17T10:26:02","modified_gmt":"2022-09-17T08:26:02","slug":"video","status":"publish","type":"page","link":"https:\/\/implementdiversity.com\/english\/video\/","title":{"rendered":"Videos"},"content":{"rendered":"\t\t<div data-elementor-type=\"wp-post\" data-elementor-id=\"1158\" class=\"elementor elementor-1158\">\n\t\t\t\t\t\t<section class=\"elementor-section elementor-top-section elementor-element elementor-element-51d93b7 elementor-section-boxed elementor-section-height-default elementor-section-height-default\" data-id=\"51d93b7\" data-element_type=\"section\">\n\t\t\t\t\t\t<div class=\"elementor-container elementor-column-gap-default\">\n\t\t\t\t\t<div class=\"elementor-column elementor-col-100 elementor-top-column elementor-element elementor-element-a00a3bd\" data-id=\"a00a3bd\" data-element_type=\"column\">\n\t\t\t<div class=\"elementor-widget-wrap elementor-element-populated\">\n\t\t\t\t\t\t<div class=\"elementor-element elementor-element-de5c805 elementor-widget elementor-widget-text-editor\" data-id=\"de5c805\" data-element_type=\"widget\" data-widget_type=\"text-editor.default\">\n\t\t\t\t<div class=\"elementor-widget-container\">\n\t\t\t\t\t\t\t\t\t<h4 style=\"text-align: left;\"><span style=\"color: #dd3333;\">Watch videos of Gabriella F\u00e4gerlind (in Swedish).<\/span><\/h4>\t\t\t\t\t\t\t\t<\/div>\n\t\t\t\t<\/div>\n\t\t\t\t\t<\/div>\n\t\t<\/div>\n\t\t\t\t\t<\/div>\n\t\t<\/section>\n\t\t\t\t<section class=\"elementor-section elementor-top-section elementor-element elementor-element-e4bce3f elementor-section-boxed elementor-section-height-default elementor-section-height-default\" data-id=\"e4bce3f\" data-element_type=\"section\">\n\t\t\t\t\t\t<div class=\"elementor-container elementor-column-gap-default\">\n\t\t\t\t\t<div class=\"elementor-column elementor-col-100 elementor-top-column elementor-element elementor-element-f8d3f4c\" data-id=\"f8d3f4c\" data-element_type=\"column\">\n\t\t\t<div class=\"elementor-widget-wrap elementor-element-populated\">\n\t\t\t\t\t\t<div class=\"elementor-element elementor-element-5ca55b6 elementor-widget elementor-widget-text-editor\" data-id=\"5ca55b6\" data-element_type=\"widget\" data-widget_type=\"text-editor.default\">\n\t\t\t\t<div class=\"elementor-widget-container\">\n\t\t\t\t\t\t\t\t\t<p>Seminar &#8221;Stereotype threats, unconscious bias and inclusive culture at work&#8221; in Partsr\u00e5det&#8217;s webinar &#8221;Inkluderande arbetsmilj\u00f6 fr\u00e4mjar psykisk h\u00e4lsa&#8221; May 3rd 2022 (18 minutes)<\/p>\t\t\t\t\t\t\t\t<\/div>\n\t\t\t\t<\/div>\n\t\t\t\t\t<\/div>\n\t\t<\/div>\n\t\t\t\t\t<\/div>\n\t\t<\/section>\n\t\t\t\t<section class=\"elementor-section elementor-top-section elementor-element elementor-element-af7b6f3 elementor-section-boxed elementor-section-height-default elementor-section-height-default\" data-id=\"af7b6f3\" data-element_type=\"section\">\n\t\t\t\t\t\t<div class=\"elementor-container elementor-column-gap-default\">\n\t\t\t\t\t<div class=\"elementor-column elementor-col-100 elementor-top-column elementor-element elementor-element-af3b2be\" data-id=\"af3b2be\" data-element_type=\"column\">\n\t\t\t<div class=\"elementor-widget-wrap elementor-element-populated\">\n\t\t\t\t\t\t<div class=\"elementor-element elementor-element-b9c91b1 elementor-widget elementor-widget-video\" data-id=\"b9c91b1\" data-element_type=\"widget\" data-settings=\"{&quot;video_type&quot;:&quot;vimeo&quot;}\" data-widget_type=\"video.default\">\n\t\t\t\t<div class=\"elementor-widget-container\">\n\t\t\t\t\t\t\t<div class=\"elementor-wrapper elementor-open-inline\">\n\t\t\t<iframe class=\"elementor-video-iframe\" allowfullscreen allow=\"clipboard-write\" title=\"vimeo-videospelare\" src=\"https:\/\/player.vimeo.com\/video\/750625192?color&amp;autopause=0&amp;loop=0&amp;muted=0&amp;title=1&amp;portrait=1&amp;byline=1#t=\"><\/iframe>\t\t<\/div>\n\t\t\t\t\t\t<\/div>\n\t\t\t\t<\/div>\n\t\t\t\t\t<\/div>\n\t\t<\/div>\n\t\t\t\t\t<\/div>\n\t\t<\/section>\n\t\t\t\t<section class=\"elementor-section elementor-top-section elementor-element elementor-element-2dc8daa elementor-section-boxed elementor-section-height-default elementor-section-height-default\" data-id=\"2dc8daa\" data-element_type=\"section\">\n\t\t\t\t\t\t<div class=\"elementor-container elementor-column-gap-default\">\n\t\t\t\t\t<div class=\"elementor-column elementor-col-100 elementor-top-column elementor-element elementor-element-a07c7e2\" data-id=\"a07c7e2\" data-element_type=\"column\">\n\t\t\t<div class=\"elementor-widget-wrap elementor-element-populated\">\n\t\t\t\t\t\t<div class=\"elementor-element elementor-element-e9cb5d9 elementor-widget-divider--view-line elementor-widget elementor-widget-divider\" data-id=\"e9cb5d9\" data-element_type=\"widget\" data-widget_type=\"divider.default\">\n\t\t\t\t<div class=\"elementor-widget-container\">\n\t\t\t\t\t\t\t<div class=\"elementor-divider\">\n\t\t\t<span class=\"elementor-divider-separator\">\n\t\t\t\t\t\t<\/span>\n\t\t<\/div>\n\t\t\t\t\t\t<\/div>\n\t\t\t\t<\/div>\n\t\t\t\t\t<\/div>\n\t\t<\/div>\n\t\t\t\t\t<\/div>\n\t\t<\/section>\n\t\t\t\t<section class=\"elementor-section elementor-top-section elementor-element elementor-element-9de11fc elementor-section-boxed elementor-section-height-default elementor-section-height-default\" data-id=\"9de11fc\" data-element_type=\"section\">\n\t\t\t\t\t\t<div class=\"elementor-container elementor-column-gap-default\">\n\t\t\t\t\t<div class=\"elementor-column elementor-col-100 elementor-top-column elementor-element elementor-element-836651a\" data-id=\"836651a\" data-element_type=\"column\">\n\t\t\t<div class=\"elementor-widget-wrap elementor-element-populated\">\n\t\t\t\t\t\t<div class=\"elementor-element elementor-element-2981c57 elementor-widget elementor-widget-text-editor\" data-id=\"2981c57\" data-element_type=\"widget\" data-widget_type=\"text-editor.default\">\n\t\t\t\t<div class=\"elementor-widget-container\">\n\t\t\t\t\t\t\t\t\t<p>Short presentation on &#8221;Diversity &#8211; effects on companies&#8217; profitability and in work groups&#8221;, UUA&#8217;s webinar &#8221;Reserach report release&#8221; (ca 9 minutes, January 2022)<\/p>\t\t\t\t\t\t\t\t<\/div>\n\t\t\t\t<\/div>\n\t\t\t\t\t<\/div>\n\t\t<\/div>\n\t\t\t\t\t<\/div>\n\t\t<\/section>\n\t\t\t\t<section class=\"elementor-section elementor-top-section elementor-element elementor-element-072538d elementor-section-boxed elementor-section-height-default elementor-section-height-default\" data-id=\"072538d\" data-element_type=\"section\">\n\t\t\t\t\t\t<div class=\"elementor-container elementor-column-gap-default\">\n\t\t\t\t\t<div class=\"elementor-column elementor-col-100 elementor-top-column elementor-element elementor-element-6e6bbc8\" data-id=\"6e6bbc8\" data-element_type=\"column\">\n\t\t\t<div class=\"elementor-widget-wrap elementor-element-populated\">\n\t\t\t\t\t\t<div class=\"elementor-element elementor-element-d30605c elementor-widget elementor-widget-video\" data-id=\"d30605c\" data-element_type=\"widget\" data-settings=\"{&quot;video_type&quot;:&quot;vimeo&quot;}\" data-widget_type=\"video.default\">\n\t\t\t\t<div class=\"elementor-widget-container\">\n\t\t\t\t\t\t\t<div class=\"elementor-wrapper elementor-open-inline\">\n\t\t\t<iframe class=\"elementor-video-iframe\" allowfullscreen allow=\"clipboard-write\" title=\"vimeo-videospelare\" src=\"https:\/\/player.vimeo.com\/video\/671876301?color&amp;autopause=0&amp;loop=0&amp;muted=0&amp;title=1&amp;portrait=1&amp;byline=1#t=\"><\/iframe>\t\t<\/div>\n\t\t\t\t\t\t<\/div>\n\t\t\t\t<\/div>\n\t\t\t\t\t<\/div>\n\t\t<\/div>\n\t\t\t\t\t<\/div>\n\t\t<\/section>\n\t\t\t\t<section class=\"elementor-section elementor-top-section elementor-element elementor-element-6a78e6c elementor-section-boxed elementor-section-height-default elementor-section-height-default\" data-id=\"6a78e6c\" data-element_type=\"section\">\n\t\t\t\t\t\t<div class=\"elementor-container elementor-column-gap-default\">\n\t\t\t\t\t<div class=\"elementor-column elementor-col-100 elementor-top-column elementor-element elementor-element-84152a0\" data-id=\"84152a0\" data-element_type=\"column\">\n\t\t\t<div class=\"elementor-widget-wrap elementor-element-populated\">\n\t\t\t\t\t\t<div class=\"elementor-element elementor-element-ce8606a elementor-widget-divider--view-line elementor-widget elementor-widget-divider\" data-id=\"ce8606a\" data-element_type=\"widget\" data-widget_type=\"divider.default\">\n\t\t\t\t<div class=\"elementor-widget-container\">\n\t\t\t\t\t\t\t<div class=\"elementor-divider\">\n\t\t\t<span class=\"elementor-divider-separator\">\n\t\t\t\t\t\t<\/span>\n\t\t<\/div>\n\t\t\t\t\t\t<\/div>\n\t\t\t\t<\/div>\n\t\t\t\t\t<\/div>\n\t\t<\/div>\n\t\t\t\t\t<\/div>\n\t\t<\/section>\n\t\t\t\t<section class=\"elementor-section elementor-top-section elementor-element elementor-element-f1d27b3 elementor-section-boxed elementor-section-height-default elementor-section-height-default\" data-id=\"f1d27b3\" data-element_type=\"section\">\n\t\t\t\t\t\t<div class=\"elementor-container elementor-column-gap-default\">\n\t\t\t\t\t<div class=\"elementor-column elementor-col-100 elementor-top-column elementor-element elementor-element-b3e9e17\" data-id=\"b3e9e17\" data-element_type=\"column\">\n\t\t\t<div class=\"elementor-widget-wrap elementor-element-populated\">\n\t\t\t\t\t\t<div class=\"elementor-element elementor-element-a0f4c3c elementor-widget elementor-widget-text-editor\" data-id=\"a0f4c3c\" data-element_type=\"widget\" data-widget_type=\"text-editor.default\">\n\t\t\t\t<div class=\"elementor-widget-container\">\n\t\t\t\t\t\t\t\t\t<p>&#8221;Counteract and prevent sexual harassment in the workplace&#8221; \u2013 a summary of a seminar at Partsr\u00e5det. (12 minutes, March 2018.)<\/p>\t\t\t\t\t\t\t\t<\/div>\n\t\t\t\t<\/div>\n\t\t\t\t\t<\/div>\n\t\t<\/div>\n\t\t\t\t\t<\/div>\n\t\t<\/section>\n\t\t\t\t<section class=\"elementor-section elementor-top-section elementor-element elementor-element-dc08289 elementor-section-boxed elementor-section-height-default elementor-section-height-default\" data-id=\"dc08289\" data-element_type=\"section\">\n\t\t\t\t\t\t<div class=\"elementor-container elementor-column-gap-default\">\n\t\t\t\t\t<div class=\"elementor-column elementor-col-100 elementor-top-column elementor-element elementor-element-6965cbb\" data-id=\"6965cbb\" data-element_type=\"column\">\n\t\t\t<div class=\"elementor-widget-wrap elementor-element-populated\">\n\t\t\t\t\t\t<div class=\"elementor-element elementor-element-a4595c2 elementor-widget elementor-widget-video\" data-id=\"a4595c2\" data-element_type=\"widget\" data-settings=\"{&quot;video_type&quot;:&quot;vimeo&quot;}\" data-widget_type=\"video.default\">\n\t\t\t\t<div class=\"elementor-widget-container\">\n\t\t\t\t\t\t\t<div class=\"elementor-wrapper elementor-open-inline\">\n\t\t\t<iframe class=\"elementor-video-iframe\" allowfullscreen allow=\"clipboard-write\" title=\"vimeo-videospelare\" src=\"https:\/\/player.vimeo.com\/video\/315177108?color&amp;autopause=0&amp;loop=0&amp;muted=0&amp;title=1&amp;portrait=1&amp;byline=1#t=\"><\/iframe>\t\t<\/div>\n\t\t\t\t\t\t<\/div>\n\t\t\t\t<\/div>\n\t\t\t\t\t<\/div>\n\t\t<\/div>\n\t\t\t\t\t<\/div>\n\t\t<\/section>\n\t\t\t\t<section class=\"elementor-section elementor-top-section elementor-element elementor-element-8b2edcd elementor-section-boxed elementor-section-height-default elementor-section-height-default\" data-id=\"8b2edcd\" data-element_type=\"section\">\n\t\t\t\t\t\t<div class=\"elementor-container elementor-column-gap-default\">\n\t\t\t\t\t<div class=\"elementor-column elementor-col-100 elementor-top-column elementor-element elementor-element-2e8922b\" data-id=\"2e8922b\" data-element_type=\"column\">\n\t\t\t<div class=\"elementor-widget-wrap elementor-element-populated\">\n\t\t\t\t\t\t<div class=\"elementor-element elementor-element-f896b47 elementor-widget-divider--view-line elementor-widget elementor-widget-divider\" data-id=\"f896b47\" data-element_type=\"widget\" data-widget_type=\"divider.default\">\n\t\t\t\t<div class=\"elementor-widget-container\">\n\t\t\t\t\t\t\t<div class=\"elementor-divider\">\n\t\t\t<span class=\"elementor-divider-separator\">\n\t\t\t\t\t\t<\/span>\n\t\t<\/div>\n\t\t\t\t\t\t<\/div>\n\t\t\t\t<\/div>\n\t\t\t\t\t<\/div>\n\t\t<\/div>\n\t\t\t\t\t<\/div>\n\t\t<\/section>\n\t\t\t\t<section class=\"elementor-section elementor-top-section elementor-element elementor-element-dfa9fa5 elementor-section-boxed elementor-section-height-default elementor-section-height-default\" data-id=\"dfa9fa5\" data-element_type=\"section\">\n\t\t\t\t\t\t<div class=\"elementor-container elementor-column-gap-default\">\n\t\t\t\t\t<div class=\"elementor-column elementor-col-100 elementor-top-column elementor-element elementor-element-97f348b\" data-id=\"97f348b\" data-element_type=\"column\">\n\t\t\t<div class=\"elementor-widget-wrap elementor-element-populated\">\n\t\t\t\t\t\t<div class=\"elementor-element elementor-element-fee2fd6 elementor-widget elementor-widget-text-editor\" data-id=\"fee2fd6\" data-element_type=\"widget\" data-widget_type=\"text-editor.default\">\n\t\t\t\t<div class=\"elementor-widget-container\">\n\t\t\t\t\t\t\t\t\t<p style=\"text-align: left;\">Seminar \u201dDiversity and inclusion at the workplace\u201d (in Swedish).\u00a0<span style=\"font-weight: var( --e-global-typography-text-font-weight );\">(9,5 minutes, recorded 2017)<\/span><\/p>\t\t\t\t\t\t\t\t<\/div>\n\t\t\t\t<\/div>\n\t\t\t\t\t<\/div>\n\t\t<\/div>\n\t\t\t\t\t<\/div>\n\t\t<\/section>\n\t\t\t\t<section class=\"elementor-section elementor-top-section elementor-element elementor-element-afca70e elementor-section-boxed elementor-section-height-default elementor-section-height-default\" data-id=\"afca70e\" data-element_type=\"section\">\n\t\t\t\t\t\t<div class=\"elementor-container elementor-column-gap-default\">\n\t\t\t\t\t<div class=\"elementor-column elementor-col-100 elementor-top-column elementor-element elementor-element-6b50594\" data-id=\"6b50594\" data-element_type=\"column\">\n\t\t\t<div class=\"elementor-widget-wrap elementor-element-populated\">\n\t\t\t\t\t\t<div class=\"elementor-element elementor-element-6589654 elementor-widget elementor-widget-video\" data-id=\"6589654\" data-element_type=\"widget\" data-settings=\"{&quot;video_type&quot;:&quot;vimeo&quot;}\" data-widget_type=\"video.default\">\n\t\t\t\t<div class=\"elementor-widget-container\">\n\t\t\t\t\t\t\t<div class=\"elementor-wrapper elementor-open-inline\">\n\t\t\t<iframe class=\"elementor-video-iframe\" allowfullscreen allow=\"clipboard-write\" title=\"vimeo-videospelare\" src=\"https:\/\/player.vimeo.com\/video\/584270360?color&amp;autopause=0&amp;loop=0&amp;muted=0&amp;title=1&amp;portrait=1&amp;byline=1#t=\"><\/iframe>\t\t<\/div>\n\t\t\t\t\t\t<\/div>\n\t\t\t\t<\/div>\n\t\t\t\t\t<\/div>\n\t\t<\/div>\n\t\t\t\t\t<\/div>\n\t\t<\/section>\n\t\t\t\t<section class=\"elementor-section elementor-top-section elementor-element elementor-element-aec6159 elementor-section-boxed elementor-section-height-default elementor-section-height-default\" data-id=\"aec6159\" data-element_type=\"section\">\n\t\t\t\t\t\t<div class=\"elementor-container elementor-column-gap-default\">\n\t\t\t\t\t<div class=\"elementor-column elementor-col-100 elementor-top-column elementor-element elementor-element-91bc38b\" data-id=\"91bc38b\" data-element_type=\"column\">\n\t\t\t<div class=\"elementor-widget-wrap elementor-element-populated\">\n\t\t\t\t\t\t<div class=\"elementor-element elementor-element-fd32185 elementor-widget-divider--view-line elementor-widget elementor-widget-divider\" data-id=\"fd32185\" data-element_type=\"widget\" data-widget_type=\"divider.default\">\n\t\t\t\t<div class=\"elementor-widget-container\">\n\t\t\t\t\t\t\t<div class=\"elementor-divider\">\n\t\t\t<span class=\"elementor-divider-separator\">\n\t\t\t\t\t\t<\/span>\n\t\t<\/div>\n\t\t\t\t\t\t<\/div>\n\t\t\t\t<\/div>\n\t\t\t\t\t<\/div>\n\t\t<\/div>\n\t\t\t\t\t<\/div>\n\t\t<\/section>\n\t\t\t\t<section class=\"elementor-section elementor-top-section elementor-element elementor-element-4dd4990 elementor-section-boxed elementor-section-height-default elementor-section-height-default\" data-id=\"4dd4990\" data-element_type=\"section\">\n\t\t\t\t\t\t<div class=\"elementor-container elementor-column-gap-default\">\n\t\t\t\t\t<div class=\"elementor-column elementor-col-100 elementor-top-column elementor-element elementor-element-818a12d\" data-id=\"818a12d\" data-element_type=\"column\">\n\t\t\t<div class=\"elementor-widget-wrap elementor-element-populated\">\n\t\t\t\t\t\t<div class=\"elementor-element elementor-element-5493d33 elementor-widget elementor-widget-video\" data-id=\"5493d33\" data-element_type=\"widget\" data-settings=\"{&quot;youtube_url&quot;:&quot;https:\\\/\\\/www.youtube.com\\\/watch?v=xdJaO9fIHfM&quot;,&quot;video_type&quot;:&quot;youtube&quot;,&quot;controls&quot;:&quot;yes&quot;}\" data-widget_type=\"video.default\">\n\t\t\t\t<div class=\"elementor-widget-container\">\n\t\t\t\t\t\t\t<div class=\"elementor-wrapper elementor-open-inline\">\n\t\t\t<div class=\"elementor-video\"><\/div>\t\t<\/div>\n\t\t\t\t\t\t<\/div>\n\t\t\t\t<\/div>\n\t\t\t\t\t<\/div>\n\t\t<\/div>\n\t\t\t\t\t<\/div>\n\t\t<\/section>\n\t\t\t\t<\/div>\n\t\t","protected":false},"excerpt":{"rendered":"<p>Watch videos of Gabriella F\u00e4gerlind (in Swedish). Seminar &#8221;Stereotype threats, unconscious bias and inclusive culture at work&#8221; in Partsr\u00e5det&#8217;s webinar &#8221;Inkluderande arbetsmilj\u00f6 fr\u00e4mjar psykisk h\u00e4lsa&#8221; May 3rd 2022 (18 minutes) https:\/\/vimeo.com\/750625192 Short presentation on &#8221;Diversity &#8211; effects on companies&#8217; profitability and in work groups&#8221;, UUA&#8217;s webinar &#8221;Reserach report release&#8221; (ca 9 minutes, January 2022) https:\/\/vimeo.com\/671876301&hellip; <br \/> <a class=\"read-more\" href=\"https:\/\/implementdiversity.com\/english\/video\/\">L\u00e4s mer<\/a><\/p>\n","protected":false},"author":1,"featured_media":0,"parent":0,"menu_order":0,"comment_status":"closed","ping_status":"closed","template":"","meta":{"footnotes":""},"class_list":["post-1158","page","type-page","status-publish","hentry"],"yoast_head":"<!-- This site is optimized with the Yoast SEO plugin v26.5 - https:\/\/yoast.com\/wordpress\/plugins\/seo\/ -->\n<title>Videos - ImplementDiversity<\/title>\n<meta name=\"robots\" content=\"index, follow, max-snippet:-1, max-image-preview:large, max-video-preview:-1\" \/>\n<link rel=\"canonical\" href=\"https:\/\/implementdiversity.com\/english\/video\/\" \/>\n<meta property=\"og:locale\" content=\"sv_SE\" \/>\n<meta property=\"og:type\" content=\"article\" \/>\n<meta property=\"og:title\" content=\"Videos - ImplementDiversity\" \/>\n<meta property=\"og:description\" content=\"Watch videos of Gabriella F\u00e4gerlind (in Swedish). Seminar &#8221;Stereotype threats, unconscious bias and inclusive culture at work&#8221; in Partsr\u00e5det&#8217;s webinar &#8221;Inkluderande arbetsmilj\u00f6 fr\u00e4mjar psykisk h\u00e4lsa&#8221; May 3rd 2022 (18 minutes) https:\/\/vimeo.com\/750625192 Short presentation on &#8221;Diversity &#8211; effects on companies&#8217; profitability and in work groups&#8221;, UUA&#8217;s webinar &#8221;Reserach report release&#8221; (ca 9 minutes, January 2022) https:\/\/vimeo.com\/671876301&hellip; L\u00e4s mer\" \/>\n<meta property=\"og:url\" content=\"https:\/\/implementdiversity.com\/english\/video\/\" \/>\n<meta property=\"og:site_name\" content=\"ImplementDiversity\" \/>\n<meta property=\"article:modified_time\" content=\"2022-09-17T08:26:02+00:00\" \/>\n<meta name=\"twitter:card\" content=\"summary_large_image\" \/>\n<meta name=\"twitter:label1\" content=\"Ber\u00e4knad l\u00e4stid\" \/>\n\t<meta name=\"twitter:data1\" content=\"1 minut\" \/>\n<script type=\"application\/ld+json\" class=\"yoast-schema-graph\">{\"@context\":\"https:\/\/schema.org\",\"@graph\":[{\"@type\":\"WebPage\",\"@id\":\"https:\/\/implementdiversity.com\/english\/video\/\",\"url\":\"https:\/\/implementdiversity.com\/english\/video\/\",\"name\":\"Videos - ImplementDiversity\",\"isPartOf\":{\"@id\":\"https:\/\/implementdiversity.com\/english\/#website\"},\"datePublished\":\"2019-02-05T14:33:01+00:00\",\"dateModified\":\"2022-09-17T08:26:02+00:00\",\"breadcrumb\":{\"@id\":\"https:\/\/implementdiversity.com\/english\/video\/#breadcrumb\"},\"inLanguage\":\"sv-SE\",\"potentialAction\":[{\"@type\":\"ReadAction\",\"target\":[\"https:\/\/implementdiversity.com\/english\/video\/\"]}]},{\"@type\":\"BreadcrumbList\",\"@id\":\"https:\/\/implementdiversity.com\/english\/video\/#breadcrumb\",\"itemListElement\":[{\"@type\":\"ListItem\",\"position\":1,\"name\":\"Home\",\"item\":\"https:\/\/implementdiversity.com\/english\/\"},{\"@type\":\"ListItem\",\"position\":2,\"name\":\"Videos\"}]},{\"@type\":\"WebSite\",\"@id\":\"https:\/\/implementdiversity.com\/english\/#website\",\"url\":\"https:\/\/implementdiversity.com\/english\/\",\"name\":\"ImplementDiversity\",\"description\":\"Diversity and inclusion in the workplace\",\"publisher\":{\"@id\":\"https:\/\/implementdiversity.com\/english\/#organization\"},\"potentialAction\":[{\"@type\":\"SearchAction\",\"target\":{\"@type\":\"EntryPoint\",\"urlTemplate\":\"https:\/\/implementdiversity.com\/english\/?s={search_term_string}\"},\"query-input\":{\"@type\":\"PropertyValueSpecification\",\"valueRequired\":true,\"valueName\":\"search_term_string\"}}],\"inLanguage\":\"sv-SE\"},{\"@type\":\"Organization\",\"@id\":\"https:\/\/implementdiversity.com\/english\/#organization\",\"name\":\"ImplementDiversity\",\"url\":\"https:\/\/implementdiversity.com\/english\/\",\"logo\":{\"@type\":\"ImageObject\",\"inLanguage\":\"sv-SE\",\"@id\":\"https:\/\/implementdiversity.com\/english\/#\/schema\/logo\/image\/\",\"url\":\"https:\/\/implementdiversity.com\/english\/wp-content\/uploads\/2012\/09\/id_logotype.png\",\"contentUrl\":\"https:\/\/implementdiversity.com\/english\/wp-content\/uploads\/2012\/09\/id_logotype.png\",\"width\":\"925\",\"height\":\"555\",\"caption\":\"ImplementDiversity\"},\"image\":{\"@id\":\"https:\/\/implementdiversity.com\/english\/#\/schema\/logo\/image\/\"}}]}<\/script>\n<!-- \/ Yoast SEO plugin. -->","yoast_head_json":{"title":"Videos - ImplementDiversity","robots":{"index":"index","follow":"follow","max-snippet":"max-snippet:-1","max-image-preview":"max-image-preview:large","max-video-preview":"max-video-preview:-1"},"canonical":"https:\/\/implementdiversity.com\/english\/video\/","og_locale":"sv_SE","og_type":"article","og_title":"Videos - ImplementDiversity","og_description":"Watch videos of Gabriella F\u00e4gerlind (in Swedish). Seminar &#8221;Stereotype threats, unconscious bias and inclusive culture at work&#8221; in Partsr\u00e5det&#8217;s webinar &#8221;Inkluderande arbetsmilj\u00f6 fr\u00e4mjar psykisk h\u00e4lsa&#8221; May 3rd 2022 (18 minutes) https:\/\/vimeo.com\/750625192 Short presentation on &#8221;Diversity &#8211; effects on companies&#8217; profitability and in work groups&#8221;, UUA&#8217;s webinar &#8221;Reserach report release&#8221; (ca 9 minutes, January 2022) https:\/\/vimeo.com\/671876301&hellip; L\u00e4s mer","og_url":"https:\/\/implementdiversity.com\/english\/video\/","og_site_name":"ImplementDiversity","article_modified_time":"2022-09-17T08:26:02+00:00","twitter_card":"summary_large_image","twitter_misc":{"Ber\u00e4knad l\u00e4stid":"1 minut"},"schema":{"@context":"https:\/\/schema.org","@graph":[{"@type":"WebPage","@id":"https:\/\/implementdiversity.com\/english\/video\/","url":"https:\/\/implementdiversity.com\/english\/video\/","name":"Videos - ImplementDiversity","isPartOf":{"@id":"https:\/\/implementdiversity.com\/english\/#website"},"datePublished":"2019-02-05T14:33:01+00:00","dateModified":"2022-09-17T08:26:02+00:00","breadcrumb":{"@id":"https:\/\/implementdiversity.com\/english\/video\/#breadcrumb"},"inLanguage":"sv-SE","potentialAction":[{"@type":"ReadAction","target":["https:\/\/implementdiversity.com\/english\/video\/"]}]},{"@type":"BreadcrumbList","@id":"https:\/\/implementdiversity.com\/english\/video\/#breadcrumb","itemListElement":[{"@type":"ListItem","position":1,"name":"Home","item":"https:\/\/implementdiversity.com\/english\/"},{"@type":"ListItem","position":2,"name":"Videos"}]},{"@type":"WebSite","@id":"https:\/\/implementdiversity.com\/english\/#website","url":"https:\/\/implementdiversity.com\/english\/","name":"ImplementDiversity","description":"Diversity and inclusion in the workplace","publisher":{"@id":"https:\/\/implementdiversity.com\/english\/#organization"},"potentialAction":[{"@type":"SearchAction","target":{"@type":"EntryPoint","urlTemplate":"https:\/\/implementdiversity.com\/english\/?s={search_term_string}"},"query-input":{"@type":"PropertyValueSpecification","valueRequired":true,"valueName":"search_term_string"}}],"inLanguage":"sv-SE"},{"@type":"Organization","@id":"https:\/\/implementdiversity.com\/english\/#organization","name":"ImplementDiversity","url":"https:\/\/implementdiversity.com\/english\/","logo":{"@type":"ImageObject","inLanguage":"sv-SE","@id":"https:\/\/implementdiversity.com\/english\/#\/schema\/logo\/image\/","url":"https:\/\/implementdiversity.com\/english\/wp-content\/uploads\/2012\/09\/id_logotype.png","contentUrl":"https:\/\/implementdiversity.com\/english\/wp-content\/uploads\/2012\/09\/id_logotype.png","width":"925","height":"555","caption":"ImplementDiversity"},"image":{"@id":"https:\/\/implementdiversity.com\/english\/#\/schema\/logo\/image\/"}}]}},"_links":{"self":[{"href":"https:\/\/implementdiversity.com\/english\/wp-json\/wp\/v2\/pages\/1158","targetHints":{"allow":["GET"]}}],"collection":[{"href":"https:\/\/implementdiversity.com\/english\/wp-json\/wp\/v2\/pages"}],"about":[{"href":"https:\/\/implementdiversity.com\/english\/wp-json\/wp\/v2\/types\/page"}],"author":[{"embeddable":true,"href":"https:\/\/implementdiversity.com\/english\/wp-json\/wp\/v2\/users\/1"}],"replies":[{"embeddable":true,"href":"https:\/\/implementdiversity.com\/english\/wp-json\/wp\/v2\/comments?post=1158"}],"version-history":[{"count":77,"href":"https:\/\/implementdiversity.com\/english\/wp-json\/wp\/v2\/pages\/1158\/revisions"}],"predecessor-version":[{"id":1936,"href":"https:\/\/implementdiversity.com\/english\/wp-json\/wp\/v2\/pages\/1158\/revisions\/1936"}],"wp:attachment":[{"href":"https:\/\/implementdiversity.com\/english\/wp-json\/wp\/v2\/media?parent=1158"}],"curies":[{"name":"wp","href":"https:\/\/api.w.org\/{rel}","templated":true}]}}