{"id":17,"date":"2012-09-24T01:08:37","date_gmt":"2012-09-23T23:08:37","guid":{"rendered":"https:\/\/implementdiversity.com\/?page_id=17"},"modified":"2025-05-22T05:44:12","modified_gmt":"2025-05-22T03:44:12","slug":"published-works","status":"publish","type":"page","link":"https:\/\/implementdiversity.com\/english\/published-works\/","title":{"rendered":"Published works"},"content":{"rendered":"\t\t<div data-elementor-type=\"wp-post\" data-elementor-id=\"17\" class=\"elementor elementor-17\">\n\t\t\t\t\t\t<section class=\"elementor-section elementor-top-section elementor-element elementor-element-700cf0a elementor-section-boxed elementor-section-height-default elementor-section-height-default\" data-id=\"700cf0a\" data-element_type=\"section\">\n\t\t\t\t\t\t<div class=\"elementor-container elementor-column-gap-default\">\n\t\t\t\t\t<div class=\"elementor-column elementor-col-100 elementor-top-column elementor-element elementor-element-a4775d2\" data-id=\"a4775d2\" data-element_type=\"column\">\n\t\t\t<div class=\"elementor-widget-wrap elementor-element-populated\">\n\t\t\t\t\t\t<div class=\"elementor-element elementor-element-1212dd8 elementor-widget elementor-widget-text-editor\" data-id=\"1212dd8\" data-element_type=\"widget\" data-widget_type=\"text-editor.default\">\n\t\t\t\t<div class=\"elementor-widget-container\">\n\t\t\t\t\t\t\t\t\t<h4 style=\"text-align: left;\"><span style=\"color: #dd3333;\">Gabriella F\u00e4gerlind has written several books, articles and reports about diversity and inclusion. Many of which you can download from this page. Most of the published works are in Swedish.<\/span><b><\/b><\/h4><p>F\u00e4gerlind, G.,\u00a0<em><span style=\"color: #ff0000;\">M\u00e5ngfald i praktiken \u2013 handbok f\u00f6r inkluderande arbetsplatser<\/span><\/em>. ID F\u00f6rlag, Uppsala, 2024.<\/p><p>F\u00e4gerlind, G., <em><span style=\"color: #ff0000;\"><a style=\"color: #ff0000;\" href=\"https:\/\/implementdiversity.com\/english\/wp-content\/uploads\/2021\/12\/Ar-mangfald-lonsamt-tjanar-foretag-pa-mangfald-Vad-visar-forskning-Fagerlind-2021.pdf\">\u00c4r m\u00e5ngfald l\u00f6nsamt &#8211; tj\u00e4nar f\u00f6retag p\u00e5 m\u00e5ngfald? Vad visar forskning?<\/a><\/span><\/em> Published on LinkedIn December 14th 2021.<\/p><p>F\u00e4gerlind, G. <em><span style=\"color: #ff0000;\"><a style=\"color: #ff0000;\" href=\"https:\/\/implementdiversity.com\/english\/wp-content\/uploads\/2021\/09\/Sundsvalls-kommun-Mangfald-Inkluderande-kultur-Fagerlind.pdf\">S\u00e5 f\u00e5r vi mer m\u00e5ngfald och inkluderande kultur <\/a><\/span><\/em>i skriften \u201dDagens nyanl\u00e4nda, morgondagens medarbetare!\u201d av Sundsvalls kommun, 2020.<\/p><p>F\u00e4gerlind, G.\u00a0<em><span style=\"color: #bd0b05;\">M\u00e5ngfald, l\u00f6nsamhet och arbetsgrupper \u2013 sammanst\u00e4llning av forskning om samband mellan m\u00e5ngfald, f\u00f6retags l\u00f6nsamhet och effekter p\u00e5 arbetsgrupper. <\/span><\/em>ID F\u00f6rlag, 2019.<\/p><p>F\u00e4gerlind, G., \u201d<a href=\"https:\/\/implementdiversity.com\/english\/wp-content\/uploads\/2020\/01\/kunskaps\u00f6versikt-om-UUA-191105-kapitel-5-F\u00e4gerlind.pdf\" target=\"_blank\" rel=\"noopener\"><span style=\"color: #bd0b0b;\"><em>Effekten av m\u00e5ngfald &#8211; f\u00f6r arbetsgruppen och f\u00f6retaget<\/em>&#8221;<\/span><\/a><span style=\"color: #dd3333;\">\u00a0<\/span>i Johnsson M. (red), <em>Skapa universellt utformade arbetsplatser \u2013 En kunskaps\u00f6versikt om arbetsmilj\u00f6, rekrytering och ledarskap<\/em>. UUA, 2019.<\/p><p>F\u00e4gerlind, G.\u00a0<a href=\"https:\/\/implementdiversity.com\/english\/books\/\" target=\"_blank\" rel=\"noopener\"><span style=\"color: #dd3333;\"><em>M\u00e5ngfald i praktiken \u2013 handbok f\u00f6r verksamhetsutveckling<\/em><\/span><\/a>. Liber, Malm\u00f6, 2012.<\/p><p style=\"text-align: left;\">Salminen-Karlsson, M., F\u00e4gerlind, G. Uppsala universitet, <em>L\u00e4robok f\u00f6r rekryteringsgrupper p\u00e5 universitet och h\u00f6gskolor<\/em>. Personalavdelningen, Enheten f\u00f6r lika villkor, Uppsala universitet, 2012.<\/p><p style=\"text-align: left;\">KRUS, <a href=\"https:\/\/implementdiversity.com\/english\/wp-content\/uploads\/2012\/09\/Chefsanalys_120109.pdf\" target=\"_blank\" rel=\"noopener\"><em><span style=\"color: #dd3333;\">Chefs- och expertanalys \u2013 handbok f\u00f6r strategisk kompetensf\u00f6rs\u00f6rjning<\/span><\/em><\/a>. KRUS \u2013 Kompetensr\u00e5det f\u00f6r utveckling i staten, Stockholm, 2011. Text sammanst\u00e4lld av F\u00e4gerlind, G.<\/p><p style=\"text-align: left;\">F\u00e4gerlind, G.\u00a0<a href=\"https:\/\/implementdiversity.com\/english\/books\/\" target=\"_blank\" rel=\"noopener\"><span style=\"color: #dd3333;\"><em>J\u00e4mst\u00e4lldhet i praktiken \u2013 s\u00e5 utvecklar ni er arbetsplats<\/em><\/span><\/a>. Uppsala Publishing House, Uppsala, 2009.<\/p><p style=\"text-align: left;\">F\u00e4gerlind, G. N.\u00a0<em>Guide HR \u2013 M\u00e5ngfald<\/em>. Talentum HR, Stockholm, 2009.<\/p><p style=\"text-align: left;\">F\u00e4gerlind, G. N. \u201dLikheter och olikheter ger styrka \u2013 inkluderande arbetsplatser och projekt ger m\u00f6jligheter\u201d i <a href=\"https:\/\/implementdiversity.com\/english\/wp-content\/uploads\/2012\/09\/Konsten_att_forandra_041.pdf\" target=\"_blank\" rel=\"noopener\"><span style=\"color: #dd3333;\"><em>Konsten att f\u00f6r\u00e4ndra \u2013 l\u00e4ra mer, l\u00e4ra om, l\u00e4ra nytt i projekt<\/em><\/span><\/a>. ESF-r\u00e5det, Stockholm, 2008.<\/p><p style=\"text-align: left;\">F\u00e4gerlind, G. N. Gender School, <em>Yrke efter intresse, inte efter k\u00f6n \u2013 metodbok f\u00f6r att minska k\u00f6nsuppdelningen i arbetslivet<\/em>. Gender School, Falun, 2007.<\/p><p style=\"text-align: left;\">F\u00e4gerlind, G. N.\u00a0<a href=\"https:\/\/implementdiversity.com\/english\/wp-content\/uploads\/2012\/09\/Sexlagg-i-mplan.pdf\" target=\"_blank\" rel=\"noopener\"><em><span style=\"color: #dd3333;\">Att inkludera sexuell l\u00e4ggning i m\u00e5ngfaldsplanen<\/span><\/em><\/a>, Homo, Stockholm, 2006.\u00a0<\/p><p style=\"text-align: left;\">F\u00e4gerlind, G. N.\u00a0<a href=\"https:\/\/implementdiversity.com\/english\/wp-content\/uploads\/2012\/09\/mangfald-styrelser-USA.pdf\" target=\"_blank\" rel=\"noopener\"><span style=\"color: #dd3333;\"><em>M\u00e5ngfald i amerikanska f\u00f6retagsstyrelser<\/em><\/span><\/a>. Veritas Communication, Stockholm, 2006.<\/p><p style=\"text-align: left;\">F\u00e4gerlind, G. N., Sharon Krafft, E. N\u00e4tverket Framtidsskapet, <em>M\u00e5ngfald f\u00f6r tillv\u00e4xt l\u00f6nsamhet framg\u00e5ng \u2013 fokus arbetsplatser i Uppsala l\u00e4n<\/em>. Uppsala, 2005.<\/p><p style=\"text-align: left;\">Kempinsky, P., ten Berg, H., Lundqvist, K., F\u00e4gerlind, G. N.\u00a0<a href=\"https:\/\/implementdiversity.com\/english\/wp-content\/uploads\/2012\/09\/Olikhet-som-drivkraft.pdf\" target=\"_blank\" rel=\"noopener\"><em><span style=\"color: #dd3333;\">Olikhet som drivkraft \u2013 en id\u00e9skrift kring vinnande m\u00e5ngfald<\/span><\/em><\/a>. Visanu Rapport 2004:3\/Nutek R 2004:058, ISA NUTEK VINNOVA, Stockholm, 2005.<\/p><p style=\"text-align: left;\">F\u00e4gerlind, G. N.\u00a0<a href=\"https:\/\/implementdiversity.com\/english\/books\/\" target=\"_blank\" rel=\"noopener\"><em><span style=\"color: #dd3333;\">M\u00e5ngfald i praktiken \u2013 handbok f\u00f6r verksamhetsutveckling<\/span><\/em><\/a>. Konsultf\u00f6rlaget, Uppsala, 2004.<\/p><p style=\"text-align: left;\">F\u00e4gerlind, G. N. Svenskt N\u00e4ringsliv, <a href=\"https:\/\/implementdiversity.com\/english\/wp-content\/uploads\/2012\/09\/En-mangfaldig-marknad.pdf\" target=\"_blank\" rel=\"noopener\"><em><span style=\"color: #dd3333;\">En m\u00e5ngfaldig marknad \u2013 hur matchar vi nya m\u00e5lgrupper?<\/span><\/em><\/a> Svenskt N\u00e4rigsliv, Stockholm, 2002.<\/p><p style=\"text-align: left;\">F\u00e4gerlind, G., Wener, I-L (red.) <em>Ledarskap f\u00f6r m\u00e5ngfald \u2013 en utmaning f\u00f6r den sociala sektorn,<\/em> Studentlitteratur, Lund, 2001.<\/p><p style=\"text-align: left;\">F\u00e4gerlind, G. (red.) <a href=\"https:\/\/implementdiversity.com\/english\/wp-content\/uploads\/2012\/09\/Kompetens-mangfaldens-arbetsliv.pdf\" target=\"_blank\" rel=\"noopener\"><span style=\"color: #dd3333;\"><em>Kompetens f\u00f6r m\u00e5ngfaldens arbetsliv \u2013 sammanfattningar av 15 utvecklingsprojekt<\/em><\/span><\/a>. FAS, Vinnova m.fl., Stockholm, 2001.<\/p><p style=\"text-align: left;\">F\u00e4gerlind, G., Ekel\u00f6f, E. <a href=\"https:\/\/implementdiversity.com\/english\/wp-content\/uploads\/2012\/09\/Diversity-in-working-life.pdf\" target=\"_blank\" rel=\"noopener\"><em><span style=\"color: #dd3333;\">Diversity in working life in Sweden \u2013 Ideas, activities and players<\/span><\/em><\/a>. FAS, Vinnova m.fl., Stockholm, 2001.<\/p><p style=\"text-align: left;\">F\u00e4gerlind, G., Ekel\u00f6f, E.\u00a0 <a href=\"https:\/\/implementdiversity.com\/english\/wp-content\/uploads\/2012\/09\/Mangfald-i-svenskt-arbetsliv.pdf\" target=\"_blank\" rel=\"noopener\"><span style=\"color: #dd3333;\"><em>M\u00e5ngfald i svenskt arbetsliv \u2013 id\u00e9er, aktivteter och akt\u00f6rer<\/em><\/span><\/a>. FAS, Vinnova m.fl., Stockholm, 2001.<\/p><p style=\"text-align: left;\">F\u00e4gerlind, G. <a href=\"https:\/\/implementdiversity.com\/english\/wp-content\/uploads\/2012\/09\/Metoder-och-aktiviteter.pdf\" target=\"_blank\" rel=\"noopener\"><em><span style=\"color: #dd3333;\">Metoder och aktiviteter i svenskt m\u00e5ngfaldsarbete<\/span><\/em><\/a>. Alla lika olika. N\u00e4ringsdepartementet, Ds 2000:69, expertbilaga 5, 2000.<\/p><p style=\"text-align: left;\">F\u00e4gerlind, G.\u00a0<a href=\"https:\/\/implementdiversity.com\/english\/wp-content\/uploads\/2012\/09\/Holland.pdf\" target=\"_blank\" rel=\"noopener\"><em><span style=\"color: #dd3333;\">Intercultural management \u2013 m\u00e5ngfald i holl\u00e4ndskt arbetsliv<\/span><\/em><\/a>. Utf\u00f6rd p\u00e5 uppdrag av N\u00e4ringsdepartementets M\u00e5ngfaldsprojekt, Stockholm, 2000.<\/p><p style=\"text-align: left;\">L\u00f6fgren, E., F\u00e4gerlind, G. <a href=\"https:\/\/implementdiversity.com\/english\/wp-content\/uploads\/2012\/09\/Att-se-med-andra-ogon.pdf\" target=\"_blank\" rel=\"noopener\"><em><span style=\"color: #dd3333;\">Att se med andra \u00f6gon \u2013 bilder fr\u00e5n svenskt arbetsliv f\u00f6rmedlade av invandrade ingenj\u00f6rer<\/span><\/em><\/a>. R\u00e5det f\u00f6r arbetslivsforskning m.fl., Stockholm, 2000.<\/p><p style=\"text-align: left;\">F\u00e4gerlind, G.\u00a0<a href=\"https:\/\/implementdiversity.com\/english\/wp-content\/uploads\/2012\/09\/MD-i-USA-med-svenska-ogon.pdf\" target=\"_blank\" rel=\"noopener\"><span style=\"color: #dd3333;\"><em>Managing Diversity i USA \u2013 sett med svenska \u00f6gon<\/em><\/span><\/a>. 11:e Nordiska Migrationsforskarkonferensen 28-30 oktober 1999, G\u00f6teborg.<\/p><p style=\"text-align: left;\">F\u00e4gerlind, G. <a href=\"https:\/\/implementdiversity.com\/english\/wp-content\/uploads\/2012\/09\/Mangfald-i-USA-vad-lara.pdf\" target=\"_blank\" rel=\"noopener\"><span style=\"color: #dd3333;\"><em>M\u00e5ngfald i USA \u2013 vad kan vi l\u00e4ra?<\/em><\/span><\/a>, Milj\u00f6n p\u00e5 jobbet. Nr 2, 1999, \u00c5rg. 12, Arbetsskyddsstyrelsen.<\/p><p style=\"text-align: left;\">F\u00e4gerlind, G. <span style=\"color: #ff0000;\"><em><a style=\"color: #ff0000;\" href=\"https:\/\/implementdiversity.com\/english\/wp-content\/uploads\/2025\/05\/Managing-Diversity-USA-Sveriges-Tekniska-Attacheer-Fagerlind-1999.pdf\" target=\"_blank\" rel=\"noopener\">Managing Diversity &#8211; strategier f\u00f6r m\u00e5ngfald i USA. <\/a><\/em><\/span>\u00a0Sveriges Tekniska Attach\u00e9er, UR USA 9901, 1999.<\/p>\t\t\t\t\t\t\t\t<\/div>\n\t\t\t\t<\/div>\n\t\t\t\t\t<\/div>\n\t\t<\/div>\n\t\t\t\t\t<\/div>\n\t\t<\/section>\n\t\t\t\t<\/div>\n\t\t","protected":false},"excerpt":{"rendered":"<p>Gabriella F\u00e4gerlind has written several books, articles and reports about diversity and inclusion. Many of which you can download from this page. Most of the published works are in Swedish. F\u00e4gerlind, G.,\u00a0M\u00e5ngfald i praktiken \u2013 handbok f\u00f6r inkluderande arbetsplatser. ID F\u00f6rlag, Uppsala, 2024. F\u00e4gerlind, G., \u00c4r m\u00e5ngfald l\u00f6nsamt &#8211; tj\u00e4nar f\u00f6retag p\u00e5 m\u00e5ngfald? Vad visar&hellip; <br \/> <a class=\"read-more\" href=\"https:\/\/implementdiversity.com\/english\/published-works\/\">L\u00e4s mer<\/a><\/p>\n","protected":false},"author":1,"featured_media":0,"parent":0,"menu_order":0,"comment_status":"closed","ping_status":"closed","template":"","meta":{"footnotes":""},"class_list":["post-17","page","type-page","status-publish","hentry"],"yoast_head":"<!-- This site is optimized with the Yoast SEO plugin v26.5 - https:\/\/yoast.com\/wordpress\/plugins\/seo\/ -->\n<title>Published works - ImplementDiversity<\/title>\n<meta name=\"robots\" content=\"index, follow, max-snippet:-1, max-image-preview:large, max-video-preview:-1\" \/>\n<link rel=\"canonical\" href=\"https:\/\/implementdiversity.com\/english\/published-works\/\" \/>\n<meta property=\"og:locale\" content=\"sv_SE\" \/>\n<meta property=\"og:type\" content=\"article\" \/>\n<meta property=\"og:title\" content=\"Published works - ImplementDiversity\" \/>\n<meta property=\"og:description\" content=\"Gabriella F\u00e4gerlind has written several books, articles and reports about diversity and inclusion. Many of which you can download from this page. Most of the published works are in Swedish. F\u00e4gerlind, G.,\u00a0M\u00e5ngfald i praktiken \u2013 handbok f\u00f6r inkluderande arbetsplatser. ID F\u00f6rlag, Uppsala, 2024. F\u00e4gerlind, G., \u00c4r m\u00e5ngfald l\u00f6nsamt &#8211; tj\u00e4nar f\u00f6retag p\u00e5 m\u00e5ngfald? Vad visar&hellip; L\u00e4s mer\" \/>\n<meta property=\"og:url\" content=\"https:\/\/implementdiversity.com\/english\/published-works\/\" \/>\n<meta property=\"og:site_name\" content=\"ImplementDiversity\" \/>\n<meta property=\"article:modified_time\" content=\"2025-05-22T03:44:12+00:00\" \/>\n<meta name=\"twitter:card\" content=\"summary_large_image\" \/>\n<meta name=\"twitter:label1\" content=\"Ber\u00e4knad l\u00e4stid\" \/>\n\t<meta name=\"twitter:data1\" content=\"3 minuter\" \/>\n<script type=\"application\/ld+json\" class=\"yoast-schema-graph\">{\"@context\":\"https:\/\/schema.org\",\"@graph\":[{\"@type\":\"WebPage\",\"@id\":\"https:\/\/implementdiversity.com\/english\/published-works\/\",\"url\":\"https:\/\/implementdiversity.com\/english\/published-works\/\",\"name\":\"Published works - ImplementDiversity\",\"isPartOf\":{\"@id\":\"https:\/\/implementdiversity.com\/english\/#website\"},\"datePublished\":\"2012-09-23T23:08:37+00:00\",\"dateModified\":\"2025-05-22T03:44:12+00:00\",\"breadcrumb\":{\"@id\":\"https:\/\/implementdiversity.com\/english\/published-works\/#breadcrumb\"},\"inLanguage\":\"sv-SE\",\"potentialAction\":[{\"@type\":\"ReadAction\",\"target\":[\"https:\/\/implementdiversity.com\/english\/published-works\/\"]}]},{\"@type\":\"BreadcrumbList\",\"@id\":\"https:\/\/implementdiversity.com\/english\/published-works\/#breadcrumb\",\"itemListElement\":[{\"@type\":\"ListItem\",\"position\":1,\"name\":\"Home\",\"item\":\"https:\/\/implementdiversity.com\/english\/\"},{\"@type\":\"ListItem\",\"position\":2,\"name\":\"Published works\"}]},{\"@type\":\"WebSite\",\"@id\":\"https:\/\/implementdiversity.com\/english\/#website\",\"url\":\"https:\/\/implementdiversity.com\/english\/\",\"name\":\"ImplementDiversity\",\"description\":\"Diversity and inclusion in the workplace\",\"publisher\":{\"@id\":\"https:\/\/implementdiversity.com\/english\/#organization\"},\"potentialAction\":[{\"@type\":\"SearchAction\",\"target\":{\"@type\":\"EntryPoint\",\"urlTemplate\":\"https:\/\/implementdiversity.com\/english\/?s={search_term_string}\"},\"query-input\":{\"@type\":\"PropertyValueSpecification\",\"valueRequired\":true,\"valueName\":\"search_term_string\"}}],\"inLanguage\":\"sv-SE\"},{\"@type\":\"Organization\",\"@id\":\"https:\/\/implementdiversity.com\/english\/#organization\",\"name\":\"ImplementDiversity\",\"url\":\"https:\/\/implementdiversity.com\/english\/\",\"logo\":{\"@type\":\"ImageObject\",\"inLanguage\":\"sv-SE\",\"@id\":\"https:\/\/implementdiversity.com\/english\/#\/schema\/logo\/image\/\",\"url\":\"https:\/\/implementdiversity.com\/english\/wp-content\/uploads\/2012\/09\/id_logotype.png\",\"contentUrl\":\"https:\/\/implementdiversity.com\/english\/wp-content\/uploads\/2012\/09\/id_logotype.png\",\"width\":\"925\",\"height\":\"555\",\"caption\":\"ImplementDiversity\"},\"image\":{\"@id\":\"https:\/\/implementdiversity.com\/english\/#\/schema\/logo\/image\/\"}}]}<\/script>\n<!-- \/ Yoast SEO plugin. -->","yoast_head_json":{"title":"Published works - ImplementDiversity","robots":{"index":"index","follow":"follow","max-snippet":"max-snippet:-1","max-image-preview":"max-image-preview:large","max-video-preview":"max-video-preview:-1"},"canonical":"https:\/\/implementdiversity.com\/english\/published-works\/","og_locale":"sv_SE","og_type":"article","og_title":"Published works - ImplementDiversity","og_description":"Gabriella F\u00e4gerlind has written several books, articles and reports about diversity and inclusion. Many of which you can download from this page. Most of the published works are in Swedish. F\u00e4gerlind, G.,\u00a0M\u00e5ngfald i praktiken \u2013 handbok f\u00f6r inkluderande arbetsplatser. ID F\u00f6rlag, Uppsala, 2024. F\u00e4gerlind, G., \u00c4r m\u00e5ngfald l\u00f6nsamt &#8211; tj\u00e4nar f\u00f6retag p\u00e5 m\u00e5ngfald? Vad visar&hellip; L\u00e4s mer","og_url":"https:\/\/implementdiversity.com\/english\/published-works\/","og_site_name":"ImplementDiversity","article_modified_time":"2025-05-22T03:44:12+00:00","twitter_card":"summary_large_image","twitter_misc":{"Ber\u00e4knad l\u00e4stid":"3 minuter"},"schema":{"@context":"https:\/\/schema.org","@graph":[{"@type":"WebPage","@id":"https:\/\/implementdiversity.com\/english\/published-works\/","url":"https:\/\/implementdiversity.com\/english\/published-works\/","name":"Published works - ImplementDiversity","isPartOf":{"@id":"https:\/\/implementdiversity.com\/english\/#website"},"datePublished":"2012-09-23T23:08:37+00:00","dateModified":"2025-05-22T03:44:12+00:00","breadcrumb":{"@id":"https:\/\/implementdiversity.com\/english\/published-works\/#breadcrumb"},"inLanguage":"sv-SE","potentialAction":[{"@type":"ReadAction","target":["https:\/\/implementdiversity.com\/english\/published-works\/"]}]},{"@type":"BreadcrumbList","@id":"https:\/\/implementdiversity.com\/english\/published-works\/#breadcrumb","itemListElement":[{"@type":"ListItem","position":1,"name":"Home","item":"https:\/\/implementdiversity.com\/english\/"},{"@type":"ListItem","position":2,"name":"Published works"}]},{"@type":"WebSite","@id":"https:\/\/implementdiversity.com\/english\/#website","url":"https:\/\/implementdiversity.com\/english\/","name":"ImplementDiversity","description":"Diversity and inclusion in the workplace","publisher":{"@id":"https:\/\/implementdiversity.com\/english\/#organization"},"potentialAction":[{"@type":"SearchAction","target":{"@type":"EntryPoint","urlTemplate":"https:\/\/implementdiversity.com\/english\/?s={search_term_string}"},"query-input":{"@type":"PropertyValueSpecification","valueRequired":true,"valueName":"search_term_string"}}],"inLanguage":"sv-SE"},{"@type":"Organization","@id":"https:\/\/implementdiversity.com\/english\/#organization","name":"ImplementDiversity","url":"https:\/\/implementdiversity.com\/english\/","logo":{"@type":"ImageObject","inLanguage":"sv-SE","@id":"https:\/\/implementdiversity.com\/english\/#\/schema\/logo\/image\/","url":"https:\/\/implementdiversity.com\/english\/wp-content\/uploads\/2012\/09\/id_logotype.png","contentUrl":"https:\/\/implementdiversity.com\/english\/wp-content\/uploads\/2012\/09\/id_logotype.png","width":"925","height":"555","caption":"ImplementDiversity"},"image":{"@id":"https:\/\/implementdiversity.com\/english\/#\/schema\/logo\/image\/"}}]}},"_links":{"self":[{"href":"https:\/\/implementdiversity.com\/english\/wp-json\/wp\/v2\/pages\/17","targetHints":{"allow":["GET"]}}],"collection":[{"href":"https:\/\/implementdiversity.com\/english\/wp-json\/wp\/v2\/pages"}],"about":[{"href":"https:\/\/implementdiversity.com\/english\/wp-json\/wp\/v2\/types\/page"}],"author":[{"embeddable":true,"href":"https:\/\/implementdiversity.com\/english\/wp-json\/wp\/v2\/users\/1"}],"replies":[{"embeddable":true,"href":"https:\/\/implementdiversity.com\/english\/wp-json\/wp\/v2\/comments?post=17"}],"version-history":[{"count":59,"href":"https:\/\/implementdiversity.com\/english\/wp-json\/wp\/v2\/pages\/17\/revisions"}],"predecessor-version":[{"id":2100,"href":"https:\/\/implementdiversity.com\/english\/wp-json\/wp\/v2\/pages\/17\/revisions\/2100"}],"wp:attachment":[{"href":"https:\/\/implementdiversity.com\/english\/wp-json\/wp\/v2\/media?parent=17"}],"curies":[{"name":"wp","href":"https:\/\/api.w.org\/{rel}","templated":true}]}}