{"id":65,"date":"2012-09-24T01:37:08","date_gmt":"2012-09-23T23:37:08","guid":{"rendered":"https:\/\/implementdiversity.com\/english\/?page_id=65"},"modified":"2024-11-01T17:49:56","modified_gmt":"2024-11-01T16:49:56","slug":"books","status":"publish","type":"page","link":"https:\/\/implementdiversity.com\/english\/books\/","title":{"rendered":"Books"},"content":{"rendered":"\t\t<div data-elementor-type=\"wp-post\" data-elementor-id=\"65\" class=\"elementor elementor-65\">\n\t\t\t\t\t\t<section class=\"elementor-section elementor-top-section elementor-element elementor-element-b1194cc elementor-section-boxed elementor-section-height-default elementor-section-height-default\" data-id=\"b1194cc\" data-element_type=\"section\">\n\t\t\t\t\t\t<div class=\"elementor-container elementor-column-gap-default\">\n\t\t\t\t\t<div class=\"elementor-column elementor-col-33 elementor-top-column elementor-element elementor-element-5ec22e8\" data-id=\"5ec22e8\" data-element_type=\"column\">\n\t\t\t<div class=\"elementor-widget-wrap elementor-element-populated\">\n\t\t\t\t\t\t<div class=\"elementor-element elementor-element-6bbb570 elementor-widget elementor-widget-text-editor\" data-id=\"6bbb570\" data-element_type=\"widget\" data-widget_type=\"text-editor.default\">\n\t\t\t\t<div class=\"elementor-widget-container\">\n\t\t\t\t\t\t\t\t\t<h4 style=\"text-align: left;\"><span style=\"color: #dd3333;\">M\u00e5ngfald i praktiken \u2013 handbok f\u00f6r inkluderande arbetsplatser<\/span>\u00a0(2024) Diversity in practice &#8211; Handbook on Inclusive workplaces<\/h4><p><span style=\"font-weight: var( --e-global-typography-text-font-weight );\">The book <\/span><i style=\"font-weight: var( --e-global-typography-text-font-weight );\">M\u00e5ngfald i praktiken \u2013 handbok f\u00f6r inkluderande arbetsplatser<\/i><span style=\"font-weight: var( --e-global-typography-text-font-weight );\"> (<\/span><i style=\"font-weight: var( --e-global-typography-text-font-weight );\">Diversity in Practice \u2013Handbook on Inclusive Workplaces)<\/i><span style=\"font-weight: var( --e-global-typography-text-font-weight );\"> is written by Gabriella F\u00e4gerlind and published by ID F\u00f6rlag. <\/span><span lang=\"EN-US\" style=\"font-weight: var( --e-global-typography-text-font-weight );\">It is available in Swedish.<\/span><\/p><p class=\"MsoNormal\"><span lang=\"EN-US\">Diversity is about our demographic and cognitive differences. An inclusive workplace is an important prerequisite for making use of the potential in diversity. <i>M\u00e5ngfald i praktiken \u2013 handbok f\u00f6r inkluderande arbetsplatser<\/i> (<i>Diversity in Practice \u2013Handbook on Inclusive Workplaces)<\/i> describes what an inclusive workplace is, how you can create an inclusive culture at work, and how managers can practice inclusive leadership. It addresses how the recruitment process, as well as processes for career and development, can be quality assured from a gender equality and diversity perspective.<\/span><\/p><p class=\"MsoNormal\"><span lang=\"EN-US\">The book also deals with questions such as:<\/span><\/p><p class=\"MsoNormal\"><span lang=\"EN-US\">\u2022 <i>Why<\/i> \u2013 what are the (business) reasons for workplaces to work with in diversity and inclusion?<\/span><\/p><p class=\"MsoNormal\"><span lang=\"EN-US\">\u2022 What is unconscious bias and how does it affect diversity and inclusion at work?<\/span><\/p><p class=\"MsoNormal\"><span lang=\"EN-US\">\u2022 How can diversity and inclusion be measured, and how can diversity and inclusion work be followed up?<\/span><\/p><p class=\"MsoNormal\"><span lang=\"EN-US\">\u2022 What are common pitfalls in the work with diversity and inclusion?<\/span><\/p><p class=\"MsoNormal\"><span lang=\"EN-US\">The book is aimed at managers or leaders, HR professionals, people in a postion with responsibility of DEI at work, workplace safety representative or trade union representatives, as well as employees and consultants.<\/span><\/p><p class=\"MsoNormal\"><i><span lang=\"EN-US\">M\u00e5ngfald i praktiken \u2013 handbok f\u00f6r inkluderande arbetsplatser<\/span><\/i><span lang=\"EN-US\"> (<i>Diversity in Practice \u2013Handbook on Inclusive Workplaces) <\/i>was nominated for the Swedish award HR Book of the Year 2024.<\/span><\/p>\t\t\t\t\t\t\t\t<\/div>\n\t\t\t\t<\/div>\n\t\t\t\t\t<\/div>\n\t\t<\/div>\n\t\t\t\t<div class=\"elementor-column elementor-col-33 elementor-top-column elementor-element elementor-element-be4e2f0\" data-id=\"be4e2f0\" data-element_type=\"column\">\n\t\t\t<div class=\"elementor-widget-wrap elementor-element-populated\">\n\t\t\t\t\t\t<div class=\"elementor-element elementor-element-853fc7d elementor-widget elementor-widget-spacer\" data-id=\"853fc7d\" data-element_type=\"widget\" data-widget_type=\"spacer.default\">\n\t\t\t\t<div class=\"elementor-widget-container\">\n\t\t\t\t\t\t\t<div class=\"elementor-spacer\">\n\t\t\t<div class=\"elementor-spacer-inner\"><\/div>\n\t\t<\/div>\n\t\t\t\t\t\t<\/div>\n\t\t\t\t<\/div>\n\t\t\t\t\t<\/div>\n\t\t<\/div>\n\t\t\t\t<div class=\"elementor-column elementor-col-33 elementor-top-column elementor-element elementor-element-7b31b09\" data-id=\"7b31b09\" data-element_type=\"column\">\n\t\t\t<div class=\"elementor-widget-wrap elementor-element-populated\">\n\t\t\t\t\t\t<div class=\"elementor-element elementor-element-8af2f25 elementor-widget elementor-widget-image\" data-id=\"8af2f25\" data-element_type=\"widget\" data-widget_type=\"image.default\">\n\t\t\t\t<div class=\"elementor-widget-container\">\n\t\t\t\t\t\t\t\t\t\t\t\t\t\t\t<img fetchpriority=\"high\" decoding=\"async\" width=\"725\" height=\"1024\" src=\"https:\/\/implementdiversity.com\/english\/wp-content\/uploads\/2024\/11\/Mangfald-i-praktiken_omslag-725x1024.jpg\" class=\"attachment-large size-large wp-image-2060\" alt=\"\" srcset=\"https:\/\/implementdiversity.com\/english\/wp-content\/uploads\/2024\/11\/Mangfald-i-praktiken_omslag-725x1024.jpg 725w, https:\/\/implementdiversity.com\/english\/wp-content\/uploads\/2024\/11\/Mangfald-i-praktiken_omslag-212x300.jpg 212w, https:\/\/implementdiversity.com\/english\/wp-content\/uploads\/2024\/11\/Mangfald-i-praktiken_omslag-768x1084.jpg 768w, https:\/\/implementdiversity.com\/english\/wp-content\/uploads\/2024\/11\/Mangfald-i-praktiken_omslag-1088x1536.jpg 1088w, https:\/\/implementdiversity.com\/english\/wp-content\/uploads\/2024\/11\/Mangfald-i-praktiken_omslag-1451x2048.jpg 1451w, https:\/\/implementdiversity.com\/english\/wp-content\/uploads\/2024\/11\/Mangfald-i-praktiken_omslag-1024x1446.jpg 1024w, https:\/\/implementdiversity.com\/english\/wp-content\/uploads\/2024\/11\/Mangfald-i-praktiken_omslag-765x1080.jpg 765w, https:\/\/implementdiversity.com\/english\/wp-content\/uploads\/2024\/11\/Mangfald-i-praktiken_omslag-scaled.jpg 1813w\" sizes=\"(max-width: 725px) 100vw, 725px\" \/>\t\t\t\t\t\t\t\t\t\t\t\t\t\t\t<\/div>\n\t\t\t\t<\/div>\n\t\t\t\t\t<\/div>\n\t\t<\/div>\n\t\t\t\t\t<\/div>\n\t\t<\/section>\n\t\t\t\t<section class=\"elementor-section elementor-top-section elementor-element elementor-element-4cc6963 elementor-section-boxed elementor-section-height-default elementor-section-height-default\" data-id=\"4cc6963\" data-element_type=\"section\">\n\t\t\t\t\t\t<div class=\"elementor-container elementor-column-gap-default\">\n\t\t\t\t\t<div class=\"elementor-column elementor-col-100 elementor-top-column elementor-element elementor-element-9121df1\" data-id=\"9121df1\" data-element_type=\"column\">\n\t\t\t<div class=\"elementor-widget-wrap elementor-element-populated\">\n\t\t\t\t\t\t<div class=\"elementor-element elementor-element-48867d2 elementor-widget elementor-widget-spacer\" data-id=\"48867d2\" data-element_type=\"widget\" data-widget_type=\"spacer.default\">\n\t\t\t\t<div class=\"elementor-widget-container\">\n\t\t\t\t\t\t\t<div class=\"elementor-spacer\">\n\t\t\t<div class=\"elementor-spacer-inner\"><\/div>\n\t\t<\/div>\n\t\t\t\t\t\t<\/div>\n\t\t\t\t<\/div>\n\t\t\t\t\t<\/div>\n\t\t<\/div>\n\t\t\t\t\t<\/div>\n\t\t<\/section>\n\t\t\t\t<section class=\"elementor-section elementor-top-section elementor-element elementor-element-0a47251 elementor-section-boxed elementor-section-height-default elementor-section-height-default\" data-id=\"0a47251\" data-element_type=\"section\">\n\t\t\t\t\t\t<div class=\"elementor-container elementor-column-gap-default\">\n\t\t\t\t\t<div class=\"elementor-column elementor-col-33 elementor-top-column elementor-element elementor-element-c385790\" data-id=\"c385790\" data-element_type=\"column\">\n\t\t\t<div class=\"elementor-widget-wrap elementor-element-populated\">\n\t\t\t\t\t\t<div class=\"elementor-element elementor-element-a38816e elementor-widget elementor-widget-image\" data-id=\"a38816e\" data-element_type=\"widget\" data-widget_type=\"image.default\">\n\t\t\t\t<div class=\"elementor-widget-container\">\n\t\t\t\t\t\t\t\t\t\t\t\t\t\t\t<img decoding=\"async\" width=\"731\" height=\"1024\" src=\"https:\/\/implementdiversity.com\/english\/wp-content\/uploads\/2012\/09\/Omslag-J\u00e4mnst\u00e4lldhet-i-praktiken-731x1024.jpg\" class=\"attachment-large size-large wp-image-71\" alt=\"\" srcset=\"https:\/\/implementdiversity.com\/english\/wp-content\/uploads\/2012\/09\/Omslag-J\u00e4mnst\u00e4lldhet-i-praktiken-731x1024.jpg 731w, https:\/\/implementdiversity.com\/english\/wp-content\/uploads\/2012\/09\/Omslag-J\u00e4mnst\u00e4lldhet-i-praktiken-214x300.jpg 214w, https:\/\/implementdiversity.com\/english\/wp-content\/uploads\/2012\/09\/Omslag-J\u00e4mnst\u00e4lldhet-i-praktiken.jpg 1181w\" sizes=\"(max-width: 731px) 100vw, 731px\" \/>\t\t\t\t\t\t\t\t\t\t\t\t\t\t\t<\/div>\n\t\t\t\t<\/div>\n\t\t\t\t\t<\/div>\n\t\t<\/div>\n\t\t\t\t<div class=\"elementor-column elementor-col-33 elementor-top-column elementor-element elementor-element-47720d9\" data-id=\"47720d9\" data-element_type=\"column\">\n\t\t\t<div class=\"elementor-widget-wrap elementor-element-populated\">\n\t\t\t\t\t\t<div class=\"elementor-element elementor-element-fc18968 elementor-widget elementor-widget-spacer\" data-id=\"fc18968\" data-element_type=\"widget\" data-widget_type=\"spacer.default\">\n\t\t\t\t<div class=\"elementor-widget-container\">\n\t\t\t\t\t\t\t<div class=\"elementor-spacer\">\n\t\t\t<div class=\"elementor-spacer-inner\"><\/div>\n\t\t<\/div>\n\t\t\t\t\t\t<\/div>\n\t\t\t\t<\/div>\n\t\t\t\t\t<\/div>\n\t\t<\/div>\n\t\t\t\t<div class=\"elementor-column elementor-col-33 elementor-top-column elementor-element elementor-element-74b9734\" data-id=\"74b9734\" data-element_type=\"column\">\n\t\t\t<div class=\"elementor-widget-wrap elementor-element-populated\">\n\t\t\t\t\t\t<div class=\"elementor-element elementor-element-2fe4caa elementor-widget elementor-widget-text-editor\" data-id=\"2fe4caa\" data-element_type=\"widget\" data-widget_type=\"text-editor.default\">\n\t\t\t\t<div class=\"elementor-widget-container\">\n\t\t\t\t\t\t\t\t\t<h4 style=\"margin-bottom: 16px; text-align: left;\"><span style=\"color: #dd3333;\">J\u00e4mst\u00e4lldhet i praktiken \u2013 s\u00e5 utvecklar ni er arbetsplats<\/span>\u00a0(2009)<\/h4><p>&#8221;Gender equality in practice \u2013 how to develop your workplace&#8221;. Available as book, e-book and audiobook. The book describes how your organization successfully can develop the organizational culture, the leadership, as well as external and internal recruitment with a gender equality perspective.<\/p><p>You can buy <span style=\"color: #dd3333;\"><em>J\u00e4mst\u00e4lldhet i praktiken \u2013 s\u00e5 utvecklar ni er arbetsplats<\/em><\/span>\u00a0at <a href=\"https:\/\/www.bokus.com\/bok\/9789198251005\/jamstalldhet-i-praktiken-sa-utvecklar-ni-er-arbetsplats\/\" target=\"_blank\" rel=\"noopener\"><span style=\"color: #dd3333;\">Bokus<\/span><\/a>, <a href=\"https:\/\/www.adlibris.com\/se\/bok\/jamstalldhet-i-praktiken-sa-utvecklar-ni-er-arbetsplats-9789198251005\" target=\"_blank\" rel=\"noopener\"><span style=\"color: #dd3333;\">Adlibris<\/span><\/a> or in our webshop at <a href=\"http:\/\/idforlag.se\" target=\"_blank\" rel=\"noopener\"><span style=\"color: #dd3333;\">idforlag.se <\/span><\/a><\/p><p>.<\/p>\t\t\t\t\t\t\t\t<\/div>\n\t\t\t\t<\/div>\n\t\t\t\t\t<\/div>\n\t\t<\/div>\n\t\t\t\t\t<\/div>\n\t\t<\/section>\n\t\t\t\t<\/div>\n\t\t","protected":false},"excerpt":{"rendered":"<p>M\u00e5ngfald i praktiken \u2013 handbok f\u00f6r inkluderande arbetsplatser\u00a0(2024) Diversity in practice &#8211; Handbook on Inclusive workplaces The book M\u00e5ngfald i praktiken \u2013 handbok f\u00f6r inkluderande arbetsplatser (Diversity in Practice \u2013Handbook on Inclusive Workplaces) is written by Gabriella F\u00e4gerlind and published by ID F\u00f6rlag. It is available in Swedish. Diversity is about our demographic and cognitive&hellip; <br \/> <a class=\"read-more\" href=\"https:\/\/implementdiversity.com\/english\/books\/\">L\u00e4s mer<\/a><\/p>\n","protected":false},"author":1,"featured_media":0,"parent":0,"menu_order":0,"comment_status":"closed","ping_status":"closed","template":"","meta":{"footnotes":""},"class_list":["post-65","page","type-page","status-publish","hentry"],"yoast_head":"<!-- This site is optimized with the Yoast SEO plugin v26.5 - https:\/\/yoast.com\/wordpress\/plugins\/seo\/ -->\n<title>Books - ImplementDiversity<\/title>\n<meta name=\"robots\" content=\"index, follow, max-snippet:-1, max-image-preview:large, max-video-preview:-1\" \/>\n<link rel=\"canonical\" href=\"https:\/\/implementdiversity.com\/english\/books\/\" \/>\n<meta property=\"og:locale\" content=\"sv_SE\" \/>\n<meta property=\"og:type\" content=\"article\" \/>\n<meta property=\"og:title\" content=\"Books - ImplementDiversity\" \/>\n<meta property=\"og:description\" content=\"M\u00e5ngfald i praktiken \u2013 handbok f\u00f6r inkluderande arbetsplatser\u00a0(2024) Diversity in practice &#8211; Handbook on Inclusive workplaces The book M\u00e5ngfald i praktiken \u2013 handbok f\u00f6r inkluderande arbetsplatser (Diversity in Practice \u2013Handbook on Inclusive Workplaces) is written by Gabriella F\u00e4gerlind and published by ID F\u00f6rlag. It is available in Swedish. Diversity is about our demographic and cognitive&hellip; L\u00e4s mer\" \/>\n<meta property=\"og:url\" content=\"https:\/\/implementdiversity.com\/english\/books\/\" \/>\n<meta property=\"og:site_name\" content=\"ImplementDiversity\" \/>\n<meta property=\"article:modified_time\" content=\"2024-11-01T16:49:56+00:00\" \/>\n<meta property=\"og:image\" content=\"https:\/\/implementdiversity.com\/english\/wp-content\/uploads\/2024\/11\/Mangfald-i-praktiken_omslag-scaled.jpg\" \/>\n\t<meta property=\"og:image:width\" content=\"1813\" \/>\n\t<meta property=\"og:image:height\" content=\"2560\" \/>\n\t<meta property=\"og:image:type\" content=\"image\/jpeg\" \/>\n<meta name=\"twitter:card\" content=\"summary_large_image\" \/>\n<meta name=\"twitter:label1\" content=\"Ber\u00e4knad l\u00e4stid\" \/>\n\t<meta name=\"twitter:data1\" content=\"3 minuter\" \/>\n<script type=\"application\/ld+json\" class=\"yoast-schema-graph\">{\"@context\":\"https:\/\/schema.org\",\"@graph\":[{\"@type\":\"WebPage\",\"@id\":\"https:\/\/implementdiversity.com\/english\/books\/\",\"url\":\"https:\/\/implementdiversity.com\/english\/books\/\",\"name\":\"Books - ImplementDiversity\",\"isPartOf\":{\"@id\":\"https:\/\/implementdiversity.com\/english\/#website\"},\"primaryImageOfPage\":{\"@id\":\"https:\/\/implementdiversity.com\/english\/books\/#primaryimage\"},\"image\":{\"@id\":\"https:\/\/implementdiversity.com\/english\/books\/#primaryimage\"},\"thumbnailUrl\":\"https:\/\/implementdiversity.com\/english\/wp-content\/uploads\/2024\/11\/Mangfald-i-praktiken_omslag-725x1024.jpg\",\"datePublished\":\"2012-09-23T23:37:08+00:00\",\"dateModified\":\"2024-11-01T16:49:56+00:00\",\"breadcrumb\":{\"@id\":\"https:\/\/implementdiversity.com\/english\/books\/#breadcrumb\"},\"inLanguage\":\"sv-SE\",\"potentialAction\":[{\"@type\":\"ReadAction\",\"target\":[\"https:\/\/implementdiversity.com\/english\/books\/\"]}]},{\"@type\":\"ImageObject\",\"inLanguage\":\"sv-SE\",\"@id\":\"https:\/\/implementdiversity.com\/english\/books\/#primaryimage\",\"url\":\"https:\/\/implementdiversity.com\/english\/wp-content\/uploads\/2024\/11\/Mangfald-i-praktiken_omslag-scaled.jpg\",\"contentUrl\":\"https:\/\/implementdiversity.com\/english\/wp-content\/uploads\/2024\/11\/Mangfald-i-praktiken_omslag-scaled.jpg\",\"width\":1813,\"height\":2560},{\"@type\":\"BreadcrumbList\",\"@id\":\"https:\/\/implementdiversity.com\/english\/books\/#breadcrumb\",\"itemListElement\":[{\"@type\":\"ListItem\",\"position\":1,\"name\":\"Home\",\"item\":\"https:\/\/implementdiversity.com\/english\/\"},{\"@type\":\"ListItem\",\"position\":2,\"name\":\"Books\"}]},{\"@type\":\"WebSite\",\"@id\":\"https:\/\/implementdiversity.com\/english\/#website\",\"url\":\"https:\/\/implementdiversity.com\/english\/\",\"name\":\"ImplementDiversity\",\"description\":\"Diversity and inclusion in the workplace\",\"publisher\":{\"@id\":\"https:\/\/implementdiversity.com\/english\/#organization\"},\"potentialAction\":[{\"@type\":\"SearchAction\",\"target\":{\"@type\":\"EntryPoint\",\"urlTemplate\":\"https:\/\/implementdiversity.com\/english\/?s={search_term_string}\"},\"query-input\":{\"@type\":\"PropertyValueSpecification\",\"valueRequired\":true,\"valueName\":\"search_term_string\"}}],\"inLanguage\":\"sv-SE\"},{\"@type\":\"Organization\",\"@id\":\"https:\/\/implementdiversity.com\/english\/#organization\",\"name\":\"ImplementDiversity\",\"url\":\"https:\/\/implementdiversity.com\/english\/\",\"logo\":{\"@type\":\"ImageObject\",\"inLanguage\":\"sv-SE\",\"@id\":\"https:\/\/implementdiversity.com\/english\/#\/schema\/logo\/image\/\",\"url\":\"https:\/\/implementdiversity.com\/english\/wp-content\/uploads\/2012\/09\/id_logotype.png\",\"contentUrl\":\"https:\/\/implementdiversity.com\/english\/wp-content\/uploads\/2012\/09\/id_logotype.png\",\"width\":\"925\",\"height\":\"555\",\"caption\":\"ImplementDiversity\"},\"image\":{\"@id\":\"https:\/\/implementdiversity.com\/english\/#\/schema\/logo\/image\/\"}}]}<\/script>\n<!-- \/ Yoast SEO plugin. -->","yoast_head_json":{"title":"Books - ImplementDiversity","robots":{"index":"index","follow":"follow","max-snippet":"max-snippet:-1","max-image-preview":"max-image-preview:large","max-video-preview":"max-video-preview:-1"},"canonical":"https:\/\/implementdiversity.com\/english\/books\/","og_locale":"sv_SE","og_type":"article","og_title":"Books - ImplementDiversity","og_description":"M\u00e5ngfald i praktiken \u2013 handbok f\u00f6r inkluderande arbetsplatser\u00a0(2024) Diversity in practice &#8211; Handbook on Inclusive workplaces The book M\u00e5ngfald i praktiken \u2013 handbok f\u00f6r inkluderande arbetsplatser (Diversity in Practice \u2013Handbook on Inclusive Workplaces) is written by Gabriella F\u00e4gerlind and published by ID F\u00f6rlag. It is available in Swedish. Diversity is about our demographic and cognitive&hellip; L\u00e4s mer","og_url":"https:\/\/implementdiversity.com\/english\/books\/","og_site_name":"ImplementDiversity","article_modified_time":"2024-11-01T16:49:56+00:00","og_image":[{"width":1813,"height":2560,"url":"https:\/\/implementdiversity.com\/english\/wp-content\/uploads\/2024\/11\/Mangfald-i-praktiken_omslag-scaled.jpg","type":"image\/jpeg"}],"twitter_card":"summary_large_image","twitter_misc":{"Ber\u00e4knad l\u00e4stid":"3 minuter"},"schema":{"@context":"https:\/\/schema.org","@graph":[{"@type":"WebPage","@id":"https:\/\/implementdiversity.com\/english\/books\/","url":"https:\/\/implementdiversity.com\/english\/books\/","name":"Books - ImplementDiversity","isPartOf":{"@id":"https:\/\/implementdiversity.com\/english\/#website"},"primaryImageOfPage":{"@id":"https:\/\/implementdiversity.com\/english\/books\/#primaryimage"},"image":{"@id":"https:\/\/implementdiversity.com\/english\/books\/#primaryimage"},"thumbnailUrl":"https:\/\/implementdiversity.com\/english\/wp-content\/uploads\/2024\/11\/Mangfald-i-praktiken_omslag-725x1024.jpg","datePublished":"2012-09-23T23:37:08+00:00","dateModified":"2024-11-01T16:49:56+00:00","breadcrumb":{"@id":"https:\/\/implementdiversity.com\/english\/books\/#breadcrumb"},"inLanguage":"sv-SE","potentialAction":[{"@type":"ReadAction","target":["https:\/\/implementdiversity.com\/english\/books\/"]}]},{"@type":"ImageObject","inLanguage":"sv-SE","@id":"https:\/\/implementdiversity.com\/english\/books\/#primaryimage","url":"https:\/\/implementdiversity.com\/english\/wp-content\/uploads\/2024\/11\/Mangfald-i-praktiken_omslag-scaled.jpg","contentUrl":"https:\/\/implementdiversity.com\/english\/wp-content\/uploads\/2024\/11\/Mangfald-i-praktiken_omslag-scaled.jpg","width":1813,"height":2560},{"@type":"BreadcrumbList","@id":"https:\/\/implementdiversity.com\/english\/books\/#breadcrumb","itemListElement":[{"@type":"ListItem","position":1,"name":"Home","item":"https:\/\/implementdiversity.com\/english\/"},{"@type":"ListItem","position":2,"name":"Books"}]},{"@type":"WebSite","@id":"https:\/\/implementdiversity.com\/english\/#website","url":"https:\/\/implementdiversity.com\/english\/","name":"ImplementDiversity","description":"Diversity and inclusion in the workplace","publisher":{"@id":"https:\/\/implementdiversity.com\/english\/#organization"},"potentialAction":[{"@type":"SearchAction","target":{"@type":"EntryPoint","urlTemplate":"https:\/\/implementdiversity.com\/english\/?s={search_term_string}"},"query-input":{"@type":"PropertyValueSpecification","valueRequired":true,"valueName":"search_term_string"}}],"inLanguage":"sv-SE"},{"@type":"Organization","@id":"https:\/\/implementdiversity.com\/english\/#organization","name":"ImplementDiversity","url":"https:\/\/implementdiversity.com\/english\/","logo":{"@type":"ImageObject","inLanguage":"sv-SE","@id":"https:\/\/implementdiversity.com\/english\/#\/schema\/logo\/image\/","url":"https:\/\/implementdiversity.com\/english\/wp-content\/uploads\/2012\/09\/id_logotype.png","contentUrl":"https:\/\/implementdiversity.com\/english\/wp-content\/uploads\/2012\/09\/id_logotype.png","width":"925","height":"555","caption":"ImplementDiversity"},"image":{"@id":"https:\/\/implementdiversity.com\/english\/#\/schema\/logo\/image\/"}}]}},"_links":{"self":[{"href":"https:\/\/implementdiversity.com\/english\/wp-json\/wp\/v2\/pages\/65","targetHints":{"allow":["GET"]}}],"collection":[{"href":"https:\/\/implementdiversity.com\/english\/wp-json\/wp\/v2\/pages"}],"about":[{"href":"https:\/\/implementdiversity.com\/english\/wp-json\/wp\/v2\/types\/page"}],"author":[{"embeddable":true,"href":"https:\/\/implementdiversity.com\/english\/wp-json\/wp\/v2\/users\/1"}],"replies":[{"embeddable":true,"href":"https:\/\/implementdiversity.com\/english\/wp-json\/wp\/v2\/comments?post=65"}],"version-history":[{"count":48,"href":"https:\/\/implementdiversity.com\/english\/wp-json\/wp\/v2\/pages\/65\/revisions"}],"predecessor-version":[{"id":2074,"href":"https:\/\/implementdiversity.com\/english\/wp-json\/wp\/v2\/pages\/65\/revisions\/2074"}],"wp:attachment":[{"href":"https:\/\/implementdiversity.com\/english\/wp-json\/wp\/v2\/media?parent=65"}],"curies":[{"name":"wp","href":"https:\/\/api.w.org\/{rel}","templated":true}]}}